{"id":66,"date":"2022-09-28T11:13:12","date_gmt":"2022-09-28T09:13:12","guid":{"rendered":"http:\/\/www.tiefschneetraining.at\/wordpress\/?page_id=66"},"modified":"2023-11-08T13:18:10","modified_gmt":"2023-11-08T12:18:10","slug":"agb","status":"publish","type":"page","link":"https:\/\/www.tiefschneetraining.at\/wordpress\/agb\/","title":{"rendered":"AGB"},"content":{"rendered":"\n<p>Allgemeine Gesch\u00e4ftsbedingungen (AGB)<br>Stand: 20.10.2023<\/p>\n\n\n\n<h3 class=\"wp-block-heading\">1. Allgemeines \u2013 Geltungsbereich<\/h3>\n\n\n\n<p>Die folgenden allgemeinen Gesch\u00e4ftsbedingungen gelten f\u00fcr alle Gesch\u00e4ftsbeziehungen zwischen uns und dem Kunden. Ma\u00dfgeblich ist jeweils die zum Zeitpunkt des Vertragsabschusses g\u00fcltige Fassung. Die Bergsport S. Steiner GesmbH tritt lediglich als Organisator des jeweiligen Events auf, die Durchf\u00fchrung obliegt der staatlich lizensierten Skischule LOCAL GUIDES am Tauern.<\/p>\n\n\n\n<h3 class=\"wp-block-heading\">2. Anmeldung<\/h3>\n\n\n\n<p>Die Anmeldung durch die Teilnehmer hat ausnahmslos schriftlich zu erfolgen und zwar entweder \u00fcber unser Homepageformular oder per Email an graz@bergfuchs.at. Bei der Anmeldung \u00fcber das Homepageformular ist zwingend die Kenntnisnahme der AGB vorgesehen. Mit erfolgter Anmeldung \u00fcber das Homepageformular oder nach best\u00e4tigtem Erhalt der Anmeldung per Email gilt die Anmeldung des Teilnehmers als verbindlich und es werden bei R\u00fccktritt des Teilnehmers die Stornogeb\u00fchren laut Punkt 9 der AGBs f\u00e4llig. Der Veranstalter Bergfuchs, Bergsport S. Steiner GesmbH best\u00e4tigt innerhalb angemessener Frist seinerseits schriftlich (E-Mail, Fax oder Post) die Anmeldung. Mit dieser Anmeldebest\u00e4tigung wird die Anmeldung bindend. Die Fixpl\u00e4tze werden nach Eingang der \u00dcberweisungen vergeben, bis die maximale Teilnehmerzahl erreicht wurde. Die \u00fcberz\u00e4hligen Teilnehmer kommen auf eine Warteliste und werden bei Nichtantritt eines Fixteilnehmers gem\u00e4\u00df der Reihenfolge zum Zug kommen. Teilnehmer, die bereits bezahlt haben, aber aufgrund eines \u00fcberbuchten Kurses keinen Kursplatz zum gew\u00fcnschten Termin erhalten, bekommen ihr Geld sp\u00e4testens 14 Tage nach Stattfinden des Kurses r\u00fcck\u00fcberwiesen.<\/p>\n\n\n\n<h3 class=\"wp-block-heading\">3. Anforderungen<\/h3>\n\n\n\n<p>Die von uns im Kursprogramm angef\u00fchrten Voraussetzungen und Anforderungen sind Bestandteil des Vertrages. Erf\u00fcllt ein Teilnehmer diese Anforderungen nicht, ist der Skilehrer bzw. Bergf\u00fchrer berechtigt, ihn ganz oder teilweise vom Veranstaltungsprogramm auszuschlie\u00dfen. Wir erstatten in diesen F\u00e4llen den bezahlten Preis nicht zur\u00fcck. Wir werden dar\u00fcber hinaus von der Vertragserf\u00fcllung befreit, wenn ein Teilnehmer die Veranstaltung durch grob ungeb\u00fchrliches Verhalten oder durch Selbst- oder Fremdgef\u00e4hrdung trotz Abmahnung nachhaltig st\u00f6rt. Der Teilnehmer erh\u00e4lt das bezahlte Entgelt in diesem Fall nicht zur\u00fcck und haftet uns gegen\u00fcber auch f\u00fcr den Ersatz eines allf\u00e4llig durch dieses Verhalten verursachten Schadens.<\/p>\n\n\n\n<h3 class=\"wp-block-heading\">4. Zahlungen<\/h3>\n\n\n\n<p>Mit der Anmeldebest\u00e4tigung erh\u00e4lt der Teilnehmer eine Rechnung, die bis sp\u00e4testens 8 Wochen vor Veranstaltungsbeginn zu begleichen ist. Wir fordern grunds\u00e4tzlich keine Anzahlung, nehmen diese Option aber bei bestimmten Veranstaltungen war.<\/p>\n\n\n\n<h3 class=\"wp-block-heading\">5. Leistungen<\/h3>\n\n\n\n<p>Der Umfang unserer vertraglichen Leistungen ist der Kursbeschreibung auf unserer Homepage, bzw. der Ausschreibung der jeweiligen Veranstaltung zu entnehmen. Ausdr\u00fccklich festgehalten wird, dass wir ausschlie\u00dflich die in der Leistungsbeschreibung enthaltenen Leistungen anbieten. Die An- bzw. Abreise bzw. etwaige Tages- und Liftkarten sind nicht im Preis inkludiert. Wo Dritte und nicht die Bergfuchs, Bergsport S. Steiner GesmbH Leistungen erbringen, wird daher jedwede Haftung und Gew\u00e4hrleistung ausgeschlossen und sind diesbez\u00fcgliche Anspr\u00fcche direkt bei den jeweiligen Firmen geltend zu machen. Falls der Teilnehmer eine Veranstaltung vorzeitig beendet, gehen die dadurch entstehenden Mehrkosten zu Lasten des Teilnehmers.<\/p>\n\n\n\n<h3 class=\"wp-block-heading\">6. Preis- und Leistungs\u00e4nderungen<\/h3>\n\n\n\n<p>Die Preise umfassen die unter Leistungen angef\u00fchrten Kosten und entsprechen dem aktuellen Stand auf unserer Homepage: www.tiefschneetraining.at. Nicht in den Leistungen angef\u00fchrte Nebenkosten sind vom Teilnehmer selbst vor Ort zu zahlen. Die Preise k\u00f6nnen sich aufgrund von f\u00fcr uns nicht vorhersehbaren Ereignissen (z.B. Wechselkurs\u00e4nderungen, \u00c4nderungen der Bef\u00f6rderungskosten, \u00c4nderungen von Steuern oder Geb\u00fchren oder \u00e4hnliches) \u00e4ndern und ist eine Preisanpassung im Sinne des \u00a7 31c KSchG bis zum 20. Tag vor dem vereinbarten Abreisetermin im Sinne einer \u00c4nderung des festgelegten Entgeltes zul\u00e4ssig. Wenn wesentliche Bestandteile des Vertrages sich erheblich \u00e4ndern, sind die Teilnehmer binnen 14 Tagen nach Kenntnisbringung zum kostenlosen R\u00fccktritt berechtigt. Mehrkosten, die sich aus \u00c4nderungen des angebotenen Programms, die auf Wunsch der Teilnehmer oder sonstiger Umst\u00e4nde durchgef\u00fchrt werden, ergeben, m\u00fcssen wir extra verrechnen. Aus technischen Gr\u00fcnden und der Folge unvorhersehbarer Umst\u00e4nde kann es erforderlich werden (insbesondere bei Veranstaltungen au\u00dferhalb Europas), Flugplan, Transportmittel, Quartier und Veranstaltungsprogramm zu \u00e4ndern.<\/p>\n\n\n\n<h3 class=\"wp-block-heading\">7. Ausr\u00fcstung<\/h3>\n\n\n\n<p>Unsere Kursteilnehmer bekommen von uns f\u00fcr Ausbildungsveranstaltungen (wenn bei der jeweiligen Veranstaltung angegeben) gratis Leihausr\u00fcstungen. Verlust- oder Reparaturkosten von Besch\u00e4digungen, die \u00fcber normale Abn\u00fctzung hinausgehen, sind vom Teilnehmer zu entrichten.<\/p>\n\n\n\n<h3 class=\"wp-block-heading\">8. Versicherung der Reiseteilnehmer<\/h3>\n\n\n\n<p>Die Versicherung jedes einzelnen Teilnehmers obliegt dem Teilnehmer selbst und wird nicht vom Veranstalter Bergfuchs, Bergsport S. Steiner GesmbH \u00fcbernommen. Wir raten rechtzeitig die Polizzen zu \u00fcberpr\u00fcfen und gegebenenfalls eine Haftpflicht- und Unfallversicherung, welche auch Bergrettungs-, Bergungs- und R\u00fccktransportkosten inkludiert, abzuschlie\u00dfen. Kosten, die aufgrund einer Bergung und\/oder Rettung eines Teilnehmers wegen einer fehlenden Versicherung entstehen, werden nicht von Bergfuchs, Bergsport S. Steiner GesmbH \u00fcbernommen.<\/p>\n\n\n\n<h3 class=\"wp-block-heading\">9. R\u00fccktritt durch den Teilnehmer<\/h3>\n\n\n\n<p>Der Teilnehmer ist berechtigt, jederzeit vor der Veranstaltung vom Vertrag zur\u00fcckzutreten. Der R\u00fccktritt muss schriftlich erfolgen. Als Stichtag gilt jeweils das Eingangsdatum der schriftlichen Stornierung. F\u00fcr den R\u00fccktritt oder Nichtantritt einer Veranstaltung verrechnen wir folgende Stornogeb\u00fchren: Bis 31 Tage vor Veranstaltungsbeginn 15% Bearbeitungskosten. 30 Tage bis 21 Tage vor Veranstaltungsbeginn 40%, 20 bis 10 Tage vor Veranstaltungsbeginn 80%, danach 100% der Veranstaltungskosten. Kann eine Ersatzperson namhaft gemacht werden und erf\u00fcllt diese Person s\u00e4mtliche Teilnahmebedingungen (Anforderungen lt. Kursprogramm, notwendigen Reisedokumente, etc.) und wird uns dies rechtzeitig vor dem Abreisetermin mitgeteilt, kann das Vertragsverh\u00e4ltnis auf eine andere Person \u00fcbertragen werden, wobei sowohl der Erwerber als auch der \u00dcbertr\u00e4ger f\u00fcr das noch unbeglichene Entgelt sowie f\u00fcr die durch die \u00dcbertragung entstehenden Mehrkosten zur ungeteilten Hand haften. Ein Teilnehmer, der die Gruppe aus welchen Gr\u00fcnden immer vorzeitig verl\u00e4sst, hat keinen Anspruch auf R\u00fcckerstattungen.<\/p>\n\n\n\n<h3 class=\"wp-block-heading\">10. R\u00fccktritt durch Bergfuchs, Bergsport S. Steiner GesmbH<\/h3>\n\n\n\n<p>Bergfuchs, Bergsport S. Steiner GesmbH ist berechtigt vom Vertrag zur\u00fcck zu treten und wird somit von der Vertragserf\u00fcllung befreit, wenn die in der Ausschreibung bestimmte Mindestteilnehmeranzahl nicht erreicht wird und dem Teilnehmer die Stornierung innerhalb der in der Leistungsbeschreibung angegebenen Frist oder aber binnen 14 Tagen vor dem Datum der Veranstaltung schriftlich mitgeteilt wird. Gleiches gilt, wenn die Stornierung auf Grund h\u00f6herer Gewalt d.h. auf Grund ungew\u00f6hnlicher und unvorhersehbarer Ereignisse (wie z.B.: Schlechtwetter, Streiks, Krieg, Naturkatastrophen etc.) erfolgt. In diesen F\u00e4llen erh\u00e4lt der Kunde einen allenfalls bezahlten Betrag r\u00fcckerstattet.<\/p>\n\n\n\n<h3 class=\"wp-block-heading\">11. Programm\u00e4nderungen<\/h3>\n\n\n\n<p>Da die Durchf\u00fchrung des jeweiligen Programmes stark von Wetter, Schneelage etc. abh\u00e4ngt, kann die Bergfuchs, Bergsport S. Steiner GesmbH f\u00fcr die genaue Einhaltung nicht garantieren. Die Entscheidung \u00fcber \u00c4nderungen oder die Absage einzelner Programmpunkte bleibt dem Bergf\u00fchrer vorbehalten. F\u00fcr aus Wetter- und Sicherheitsgr\u00fcnden, oder vom Teilnehmer selbst verschuldete, unterbliebene Touren k\u00f6nnen keine Ersatzanspr\u00fcche geltend gemacht werden.<\/p>\n\n\n\n<h3 class=\"wp-block-heading\">12. Hinweis zur Foto- und Videoaufzeichnung<\/h3>\n\n\n\n<p>Wir fertigen bei der Veranstaltung Fotos und Videos der Teilnehmer an. Die Fotos und Videos werden sowohl zur Analyse der Fahrtechnik als auch zur Darstellung unserer Aktivit\u00e4ten auf unserer Website und auch in Social Media Kan\u00e4len sowie in Printmedien verwendet. Mit der Anmeldung best\u00e4tigt der Teilnehmer, dass er mit der Aufzeichnung einverstanden ist und \u00fcbertr\u00e4gt uns (Bergfuchs Graz) das unwiderrufliche Recht zur Nutzung und Ver\u00f6ffentlichung der Fotos und Videos zu Marketingzwecken.<\/p>\n\n\n\n<h3 class=\"wp-block-heading\">13. Datenschutzerkl\u00e4rung<\/h3>\n\n\n\n<p>Wir weisen darauf hin, dass zum Zweck der Vertragsabwicklung Name, Anschrift, wenn angegeben die Telefonnummer gespeichert werden. Die von Ihnen bereit gestellten Daten sind zur Vertragserf\u00fcllung bzw zur Durchf\u00fchrung vorvertraglicher Ma\u00dfnahmen erforderlich. Ohne diese Daten k\u00f6nnen wir den Vertrag mit Ihnen nicht abschlie\u00dfen. Eine Daten\u00fcbermittlung an Dritte erfolgt nicht, mit Ausnahme der \u00dcbermittlung an unseren Steuerberater zur Erf\u00fcllung unserer steuerrechtlichen Verpflichtungen. Im Falle eines Vertragsabschlusses werden s\u00e4mtliche Daten aus dem Vertragsverh\u00e4ltnis bis zum Ablauf der steuerrechtlichen Aufbewahrungsfrist (7 Jahre) gespeichert. Die Datenverarbeitung erfolgt auf Basis der gesetzlichen Bestimmungen des \u00a7 96 Abs 3 TKG sowie des Art 6 Abs 1 lit a (Einwilligung) und\/oder lit b (notwendig zur Vertragserf\u00fcllung) der DSGVO.<\/p>\n\n\n\n<h3 class=\"wp-block-heading\">14. Stornoversicherung<\/h3>\n\n\n\n<p>Wir arbeiten mit der Allianz Travel Reiseversicherung zusammen. Damit Sie Ihren Urlaub in vollsten Z\u00fcgen unbeschwert genie\u00dfen k\u00f6nnen empfehlen wir den zuverl\u00e4ssigen Reiseschutz der Allianz Travel, der vor, w\u00e4hrend und nach der Reise \u00c4rger und Kosten spart. Somit stehen Ihnen vielf\u00e4ltige L\u00f6sungen zum Thema Reiseschutz, Reisestornoversicherung, Auslandskrankenversicherung, uvm. f\u00fcr weltweite Reisen zur Auswahl. Sie k\u00f6nnen unabh\u00e4ngig von der Tiefschneetraining-Buchung selbst eine Versicherung selbst mittels nachfolgendem Online-Formular abschlie\u00dfen. <a href=\"https:\/\/www.magroup-online.com\/WL\/CLB\/AT\/de?agency=106076\" target=\"_blank\" rel=\"noreferrer noopener\">Allianz Travel Reiseversicherung<\/a><\/p>\n\n\n\n<h3 class=\"wp-block-heading\">15. Veranstalter<\/h3>\n\n\n\n<p>Bergfuchs, Bergsport S. Steiner GesmbH<br>Hans-Resel-Gasse 7<br>A-8020 Graz<\/p>\n\n\n\n<h3 class=\"wp-block-heading\">16. Sonstiges<\/h3>\n\n\n\n<p>Irrt\u00fcmer, Satzfehler und Preis\u00e4nderungen vorbehalten. Alle Preise in EUR inkl. MWSt.<\/p>\n\n\n\n<h3 class=\"wp-block-heading\">17. Teilnichtigkeit<\/h3>\n\n\n\n<p>Sollten einzelne Bestimmungen dieser Allgemeinen Gesch\u00e4ftsbedingungen nichtig, unwirksam oder anfechtbar sein oder werden, bleiben die \u00fcbrigen Bestimmungen unber\u00fchrt und sind dann so auszulegen bzw. zu erg\u00e4nzen, da\u00df der beabsichtigte wirtschaftliche Zweck in rechtlich zul\u00e4ssiger Weise m\u00f6glichst genau erreicht wird. Das gilt auch f\u00fcr evtl. erg\u00e4nzungsbed\u00fcrftige L\u00fccken. Es gilt \u00f6sterreichisches Recht.<\/p>\n\n\n\n<h3 class=\"wp-block-heading\">18. Gesch\u00e4fts- und Gerichtsstand<\/h3>\n\n\n\n<p>Graz, \u00d6sterreich<br>Als Gerichtsstand wird das sachlich zust\u00e4ndige Gericht in Graz vereinbart.<\/p>\n","protected":false},"excerpt":{"rendered":"<p>Allgemeine Gesch\u00e4ftsbedingungen (AGB)Stand: 20.10.2023 1. Allgemeines \u2013 Geltungsbereich Die folgenden allgemeinen Gesch\u00e4ftsbedingungen gelten f\u00fcr alle Gesch\u00e4ftsbeziehungen zwischen uns und dem Kunden. Ma\u00dfgeblich ist jeweils die zum Zeitpunkt des Vertragsabschusses g\u00fcltige Fassung. Die Bergsport S. Steiner GesmbH tritt lediglich als Organisator des jeweiligen Events auf, die Durchf\u00fchrung obliegt der staatlich lizensierten Skischule LOCAL GUIDES am Tauern. [&hellip;]<\/p>\n","protected":false},"author":1,"featured_media":0,"parent":0,"menu_order":0,"comment_status":"closed","ping_status":"closed","template":"","meta":{"footnotes":""},"class_list":["post-66","page","type-page","status-publish","hentry"],"_links":{"self":[{"href":"https:\/\/www.tiefschneetraining.at\/wordpress\/wp-json\/wp\/v2\/pages\/66","targetHints":{"allow":["GET"]}}],"collection":[{"href":"https:\/\/www.tiefschneetraining.at\/wordpress\/wp-json\/wp\/v2\/pages"}],"about":[{"href":"https:\/\/www.tiefschneetraining.at\/wordpress\/wp-json\/wp\/v2\/types\/page"}],"author":[{"embeddable":true,"href":"https:\/\/www.tiefschneetraining.at\/wordpress\/wp-json\/wp\/v2\/users\/1"}],"replies":[{"embeddable":true,"href":"https:\/\/www.tiefschneetraining.at\/wordpress\/wp-json\/wp\/v2\/comments?post=66"}],"version-history":[{"count":4,"href":"https:\/\/www.tiefschneetraining.at\/wordpress\/wp-json\/wp\/v2\/pages\/66\/revisions"}],"predecessor-version":[{"id":351,"href":"https:\/\/www.tiefschneetraining.at\/wordpress\/wp-json\/wp\/v2\/pages\/66\/revisions\/351"}],"wp:attachment":[{"href":"https:\/\/www.tiefschneetraining.at\/wordpress\/wp-json\/wp\/v2\/media?parent=66"}],"curies":[{"name":"wp","href":"https:\/\/api.w.org\/{rel}","templated":true}]}}